{"id":10863,"date":"2026-01-21T17:39:21","date_gmt":"2026-01-21T17:39:21","guid":{"rendered":"https:\/\/www.northfieldscr.com\/product\/te-de-cacao-natural\/"},"modified":"2026-01-21T17:39:21","modified_gmt":"2026-01-21T17:39:21","slug":"te-de-cacao-natural","status":"publish","type":"product","link":"https:\/\/www.northfieldscr.com\/es\/producto\/te-de-cacao-natural\/","title":{"rendered":"T\u00e9 de Cacao Natural"},"content":{"rendered":"<p><span style=\"font-weight: 400;\">Una infusi\u00f3n ligera y reconfortante elaborada a partir de c\u00e1scaras de cacao, que ofrece sutiles notas de chocolate y calidez natural.<\/span><\/p>\n","protected":false},"excerpt":{"rendered":"<p>Una infusi\u00f3n ligera y reconfortante elaborada a partir de c\u00e1scaras de cacao, que ofrece sutiles notas de chocolate y calidez natural.<\/p>\n","protected":false},"featured_media":10029,"template":"","meta":[],"product_brand":[],"product_cat":[130],"product_tag":[131],"class_list":{"0":"post-10863","1":"product","2":"type-product","3":"status-publish","4":"has-post-thumbnail","6":"product_cat-chocolate","7":"product_tag-te","9":"first","10":"instock","11":"shipping-taxable","12":"purchasable","13":"product-type-simple"},"yoast_head":"<!-- This site is optimized with the Yoast SEO plugin v27.1.1 - https:\/\/yoast.com\/product\/yoast-seo-wordpress\/ -->\n<title>T\u00e9 de Cacao Natural - NorthFields Coffee &amp; Chocolate Tour<\/title>\n<meta name=\"robots\" content=\"index, follow, max-snippet:-1, max-image-preview:large, max-video-preview:-1\" \/>\n<link rel=\"canonical\" href=\"https:\/\/www.northfieldscr.com\/es\/producto\/te-de-cacao-natural\/\" \/>\n<meta property=\"og:locale\" content=\"es_ES\" \/>\n<meta property=\"og:type\" content=\"article\" \/>\n<meta property=\"og:title\" content=\"T\u00e9 de Cacao Natural - NorthFields Coffee &amp; Chocolate Tour\" \/>\n<meta property=\"og:description\" content=\"Una infusi\u00f3n ligera y reconfortante elaborada a partir de c\u00e1scaras de cacao, que ofrece sutiles notas de chocolate y calidez natural.\" \/>\n<meta property=\"og:url\" content=\"https:\/\/www.northfieldscr.com\/es\/producto\/te-de-cacao-natural\/\" \/>\n<meta property=\"og:site_name\" content=\"NorthFields Coffee &amp; Chocolate Tour\" \/>\n<meta property=\"og:image\" content=\"https:\/\/www.northfieldscr.com\/wp-content\/uploads\/2026\/01\/cacao-tea-natural.png\" \/>\n\t<meta property=\"og:image:width\" content=\"863\" \/>\n\t<meta property=\"og:image:height\" content=\"1080\" \/>\n\t<meta property=\"og:image:type\" content=\"image\/png\" \/>\n<meta name=\"twitter:card\" content=\"summary_large_image\" \/>\n<script type=\"application\/ld+json\" class=\"yoast-schema-graph\">{\"@context\":\"https:\/\/schema.org\",\"@graph\":[{\"@type\":\"WebPage\",\"@id\":\"https:\/\/www.northfieldscr.com\/es\/producto\/te-de-cacao-natural\/\",\"url\":\"https:\/\/www.northfieldscr.com\/es\/producto\/te-de-cacao-natural\/\",\"name\":\"T\u00e9 de Cacao Natural - NorthFields Coffee &amp; Chocolate Tour\",\"isPartOf\":{\"@id\":\"https:\/\/www.northfieldscr.com\/es\/#website\"},\"primaryImageOfPage\":{\"@id\":\"https:\/\/www.northfieldscr.com\/es\/producto\/te-de-cacao-natural\/#primaryimage\"},\"image\":{\"@id\":\"https:\/\/www.northfieldscr.com\/es\/producto\/te-de-cacao-natural\/#primaryimage\"},\"thumbnailUrl\":\"https:\/\/www.northfieldscr.com\/wp-content\/uploads\/2026\/01\/cacao-tea-natural.png\",\"datePublished\":\"2026-01-21T17:39:21+00:00\",\"breadcrumb\":{\"@id\":\"https:\/\/www.northfieldscr.com\/es\/producto\/te-de-cacao-natural\/#breadcrumb\"},\"inLanguage\":\"es\",\"potentialAction\":[{\"@type\":\"ReadAction\",\"target\":[\"https:\/\/www.northfieldscr.com\/es\/producto\/te-de-cacao-natural\/\"]}]},{\"@type\":\"ImageObject\",\"inLanguage\":\"es\",\"@id\":\"https:\/\/www.northfieldscr.com\/es\/producto\/te-de-cacao-natural\/#primaryimage\",\"url\":\"https:\/\/www.northfieldscr.com\/wp-content\/uploads\/2026\/01\/cacao-tea-natural.png\",\"contentUrl\":\"https:\/\/www.northfieldscr.com\/wp-content\/uploads\/2026\/01\/cacao-tea-natural.png\",\"width\":863,\"height\":1080,\"caption\":\"cacao tea natural\"},{\"@type\":\"BreadcrumbList\",\"@id\":\"https:\/\/www.northfieldscr.com\/es\/producto\/te-de-cacao-natural\/#breadcrumb\",\"itemListElement\":[{\"@type\":\"ListItem\",\"position\":1,\"name\":\"Home\",\"item\":\"https:\/\/www.northfieldscr.com\/es\/\"},{\"@type\":\"ListItem\",\"position\":2,\"name\":\"Tienda\",\"item\":\"https:\/\/www.northfieldscr.com\/shop\/\"},{\"@type\":\"ListItem\",\"position\":3,\"name\":\"T\u00e9 de Cacao Natural\"}]},{\"@type\":\"WebSite\",\"@id\":\"https:\/\/www.northfieldscr.com\/es\/#website\",\"url\":\"https:\/\/www.northfieldscr.com\/es\/\",\"name\":\"NorthFields Coffee &amp; Chocolate Tour\",\"description\":\"\",\"publisher\":{\"@id\":\"https:\/\/www.northfieldscr.com\/es\/#organization\"},\"potentialAction\":[{\"@type\":\"SearchAction\",\"target\":{\"@type\":\"EntryPoint\",\"urlTemplate\":\"https:\/\/www.northfieldscr.com\/es\/?s={search_term_string}\"},\"query-input\":{\"@type\":\"PropertyValueSpecification\",\"valueRequired\":true,\"valueName\":\"search_term_string\"}}],\"inLanguage\":\"es\"},{\"@type\":\"Organization\",\"@id\":\"https:\/\/www.northfieldscr.com\/es\/#organization\",\"name\":\"NorthFields Coffee &amp; Chocolate Tour\",\"url\":\"https:\/\/www.northfieldscr.com\/es\/\",\"logo\":{\"@type\":\"ImageObject\",\"inLanguage\":\"es\",\"@id\":\"https:\/\/www.northfieldscr.com\/es\/#\/schema\/logo\/image\/\",\"url\":\"https:\/\/www.northfieldscr.com\/wp-content\/uploads\/2025\/06\/northfields-logo.webp\",\"contentUrl\":\"https:\/\/www.northfieldscr.com\/wp-content\/uploads\/2025\/06\/northfields-logo.webp\",\"width\":1025,\"height\":735,\"caption\":\"NorthFields Coffee &amp; Chocolate Tour\"},\"image\":{\"@id\":\"https:\/\/www.northfieldscr.com\/es\/#\/schema\/logo\/image\/\"}}]}<\/script>\n<!-- \/ Yoast SEO plugin. -->","yoast_head_json":{"title":"T\u00e9 de Cacao Natural - NorthFields Coffee &amp; Chocolate Tour","robots":{"index":"index","follow":"follow","max-snippet":"max-snippet:-1","max-image-preview":"max-image-preview:large","max-video-preview":"max-video-preview:-1"},"canonical":"https:\/\/www.northfieldscr.com\/es\/producto\/te-de-cacao-natural\/","og_locale":"es_ES","og_type":"article","og_title":"T\u00e9 de Cacao Natural - NorthFields Coffee &amp; Chocolate Tour","og_description":"Una infusi\u00f3n ligera y reconfortante elaborada a partir de c\u00e1scaras de cacao, que ofrece sutiles notas de chocolate y calidez natural.","og_url":"https:\/\/www.northfieldscr.com\/es\/producto\/te-de-cacao-natural\/","og_site_name":"NorthFields Coffee &amp; Chocolate Tour","og_image":[{"width":863,"height":1080,"url":"https:\/\/www.northfieldscr.com\/wp-content\/uploads\/2026\/01\/cacao-tea-natural.png","type":"image\/png"}],"twitter_card":"summary_large_image","schema":{"@context":"https:\/\/schema.org","@graph":[{"@type":"WebPage","@id":"https:\/\/www.northfieldscr.com\/es\/producto\/te-de-cacao-natural\/","url":"https:\/\/www.northfieldscr.com\/es\/producto\/te-de-cacao-natural\/","name":"T\u00e9 de Cacao Natural - NorthFields Coffee &amp; Chocolate Tour","isPartOf":{"@id":"https:\/\/www.northfieldscr.com\/es\/#website"},"primaryImageOfPage":{"@id":"https:\/\/www.northfieldscr.com\/es\/producto\/te-de-cacao-natural\/#primaryimage"},"image":{"@id":"https:\/\/www.northfieldscr.com\/es\/producto\/te-de-cacao-natural\/#primaryimage"},"thumbnailUrl":"https:\/\/www.northfieldscr.com\/wp-content\/uploads\/2026\/01\/cacao-tea-natural.png","datePublished":"2026-01-21T17:39:21+00:00","breadcrumb":{"@id":"https:\/\/www.northfieldscr.com\/es\/producto\/te-de-cacao-natural\/#breadcrumb"},"inLanguage":"es","potentialAction":[{"@type":"ReadAction","target":["https:\/\/www.northfieldscr.com\/es\/producto\/te-de-cacao-natural\/"]}]},{"@type":"ImageObject","inLanguage":"es","@id":"https:\/\/www.northfieldscr.com\/es\/producto\/te-de-cacao-natural\/#primaryimage","url":"https:\/\/www.northfieldscr.com\/wp-content\/uploads\/2026\/01\/cacao-tea-natural.png","contentUrl":"https:\/\/www.northfieldscr.com\/wp-content\/uploads\/2026\/01\/cacao-tea-natural.png","width":863,"height":1080,"caption":"cacao tea natural"},{"@type":"BreadcrumbList","@id":"https:\/\/www.northfieldscr.com\/es\/producto\/te-de-cacao-natural\/#breadcrumb","itemListElement":[{"@type":"ListItem","position":1,"name":"Home","item":"https:\/\/www.northfieldscr.com\/es\/"},{"@type":"ListItem","position":2,"name":"Tienda","item":"https:\/\/www.northfieldscr.com\/shop\/"},{"@type":"ListItem","position":3,"name":"T\u00e9 de Cacao Natural"}]},{"@type":"WebSite","@id":"https:\/\/www.northfieldscr.com\/es\/#website","url":"https:\/\/www.northfieldscr.com\/es\/","name":"NorthFields Coffee &amp; Chocolate Tour","description":"","publisher":{"@id":"https:\/\/www.northfieldscr.com\/es\/#organization"},"potentialAction":[{"@type":"SearchAction","target":{"@type":"EntryPoint","urlTemplate":"https:\/\/www.northfieldscr.com\/es\/?s={search_term_string}"},"query-input":{"@type":"PropertyValueSpecification","valueRequired":true,"valueName":"search_term_string"}}],"inLanguage":"es"},{"@type":"Organization","@id":"https:\/\/www.northfieldscr.com\/es\/#organization","name":"NorthFields Coffee &amp; Chocolate Tour","url":"https:\/\/www.northfieldscr.com\/es\/","logo":{"@type":"ImageObject","inLanguage":"es","@id":"https:\/\/www.northfieldscr.com\/es\/#\/schema\/logo\/image\/","url":"https:\/\/www.northfieldscr.com\/wp-content\/uploads\/2025\/06\/northfields-logo.webp","contentUrl":"https:\/\/www.northfieldscr.com\/wp-content\/uploads\/2025\/06\/northfields-logo.webp","width":1025,"height":735,"caption":"NorthFields Coffee &amp; Chocolate Tour"},"image":{"@id":"https:\/\/www.northfieldscr.com\/es\/#\/schema\/logo\/image\/"}}]}},"_links":{"self":[{"href":"https:\/\/www.northfieldscr.com\/es\/wp-json\/wp\/v2\/product\/10863","targetHints":{"allow":["GET"]}}],"collection":[{"href":"https:\/\/www.northfieldscr.com\/es\/wp-json\/wp\/v2\/product"}],"about":[{"href":"https:\/\/www.northfieldscr.com\/es\/wp-json\/wp\/v2\/types\/product"}],"wp:featuredmedia":[{"embeddable":true,"href":"https:\/\/www.northfieldscr.com\/es\/wp-json\/wp\/v2\/media\/10029"}],"wp:attachment":[{"href":"https:\/\/www.northfieldscr.com\/es\/wp-json\/wp\/v2\/media?parent=10863"}],"wp:term":[{"taxonomy":"product_brand","embeddable":true,"href":"https:\/\/www.northfieldscr.com\/es\/wp-json\/wp\/v2\/product_brand?post=10863"},{"taxonomy":"product_cat","embeddable":true,"href":"https:\/\/www.northfieldscr.com\/es\/wp-json\/wp\/v2\/product_cat?post=10863"},{"taxonomy":"product_tag","embeddable":true,"href":"https:\/\/www.northfieldscr.com\/es\/wp-json\/wp\/v2\/product_tag?post=10863"}],"curies":[{"name":"wp","href":"https:\/\/api.w.org\/{rel}","templated":true}]}}